{"id":90,"date":"2015-03-13T13:00:08","date_gmt":"2015-03-13T18:00:08","guid":{"rendered":"http:\/\/penaherrerayasociados.com\/wordpress\/?post_type=product&#038;p=90"},"modified":"2016-01-25T12:15:38","modified_gmt":"2016-01-25T17:15:38","slug":"consulta-empresas-laboral","status":"publish","type":"product","link":"http:\/\/penaherrerayasociados.com\/wordpress\/?product=consulta-empresas-laboral","title":{"rendered":"Consultas normativa laboral"},"content":{"rendered":"<p>En caso de que la respuesta a la consulta planteada sea demasiado extensa, se le enviar\u00e1 un mensaje indicando que deber\u00e1 contactarse directamente con nosotros y acordar una consultor\u00eda presencial, por lo tanto el servicio por consultor\u00eda on-line no ser\u00e1 cobrado.<\/p>\n","protected":false},"excerpt":{"rendered":"<p>En caso de que la respuesta a la consulta planteada sea demasiado extensa, se le enviar\u00e1 un mensaje indicando que deber\u00e1 contactarse directamente con nosotros y acordar una consultor\u00eda presencial, por lo tanto el servicio por consultor\u00eda on-line no ser\u00e1 cobrado.<\/p>\n","protected":false},"featured_media":167,"comment_status":"closed","ping_status":"closed","template":"","meta":[],"product_cat":[20],"product_tag":[],"class_list":{"0":"post-90","1":"product","2":"type-product","3":"status-publish","4":"has-post-thumbnail","6":"product_cat-obligadas-contabilidad","7":"post-seq-1","8":"post-parity-odd","9":"meta-position-line-bottom","10":"post","11":"fix","13":"first","14":"instock","15":"virtual","16":"taxable","17":"purchasable","18":"product-type-simple"},"_links":{"self":[{"href":"http:\/\/penaherrerayasociados.com\/wordpress\/index.php?rest_route=\/wp\/v2\/product\/90"}],"collection":[{"href":"http:\/\/penaherrerayasociados.com\/wordpress\/index.php?rest_route=\/wp\/v2\/product"}],"about":[{"href":"http:\/\/penaherrerayasociados.com\/wordpress\/index.php?rest_route=\/wp\/v2\/types\/product"}],"replies":[{"embeddable":true,"href":"http:\/\/penaherrerayasociados.com\/wordpress\/index.php?rest_route=%2Fwp%2Fv2%2Fcomments&post=90"}],"wp:featuredmedia":[{"embeddable":true,"href":"http:\/\/penaherrerayasociados.com\/wordpress\/index.php?rest_route=\/wp\/v2\/media\/167"}],"wp:attachment":[{"href":"http:\/\/penaherrerayasociados.com\/wordpress\/index.php?rest_route=%2Fwp%2Fv2%2Fmedia&parent=90"}],"wp:term":[{"taxonomy":"product_cat","embeddable":true,"href":"http:\/\/penaherrerayasociados.com\/wordpress\/index.php?rest_route=%2Fwp%2Fv2%2Fproduct_cat&post=90"},{"taxonomy":"product_tag","embeddable":true,"href":"http:\/\/penaherrerayasociados.com\/wordpress\/index.php?rest_route=%2Fwp%2Fv2%2Fproduct_tag&post=90"}],"curies":[{"name":"wp","href":"https:\/\/api.w.org\/{rel}","templated":true}]}}