{"id":42,"date":"2015-03-12T12:16:14","date_gmt":"2015-03-12T17:16:14","guid":{"rendered":"http:\/\/penaherrerayasociados.com\/wordpress\/?page_id=42"},"modified":"2016-11-10T01:09:13","modified_gmt":"2016-11-10T06:09:13","slug":"outsourcing","status":"publish","type":"page","link":"http:\/\/penaherrerayasociados.com\/wordpress\/?page_id=42","title":{"rendered":"Outsourcing"},"content":{"rendered":"<ul>\n<li style=\"text-align: justify;\">Contabilidad<a href=\"http:\/\/penaherrerayasociados.com\/wordpress\/wp-content\/uploads\/2015\/03\/Outsourcing.jpg\"><img loading=\"lazy\" decoding=\"async\" class=\"  wp-image-420 alignright\" src=\"http:\/\/penaherrerayasociados.com\/wordpress\/wp-content\/uploads\/2015\/03\/Outsourcing-300x199.jpg\" alt=\"outsourcing\" width=\"320\" height=\"212\" srcset=\"http:\/\/penaherrerayasociados.com\/wordpress\/wp-content\/uploads\/2015\/03\/Outsourcing-300x199.jpg 300w, http:\/\/penaherrerayasociados.com\/wordpress\/wp-content\/uploads\/2015\/03\/Outsourcing-600x399.jpg 600w, http:\/\/penaherrerayasociados.com\/wordpress\/wp-content\/uploads\/2015\/03\/Outsourcing-30x20.jpg 30w, http:\/\/penaherrerayasociados.com\/wordpress\/wp-content\/uploads\/2015\/03\/Outsourcing-350x233.jpg 350w, http:\/\/penaherrerayasociados.com\/wordpress\/wp-content\/uploads\/2015\/03\/Outsourcing-250x166.jpg 250w, http:\/\/penaherrerayasociados.com\/wordpress\/wp-content\/uploads\/2015\/03\/Outsourcing-96x64.jpg 96w, http:\/\/penaherrerayasociados.com\/wordpress\/wp-content\/uploads\/2015\/03\/Outsourcing.jpg 626w\" sizes=\"(max-width: 320px) 100vw, 320px\" \/><\/a><\/li>\n<li style=\"text-align: justify;\">Declaraci\u00f3n de impuestos<\/li>\n<li style=\"text-align: justify;\">N\u00f3mina (IESS y MRL)<\/li>\n<li style=\"text-align: justify;\">Elaboraci\u00f3n de anexos SRI<\/li>\n<li style=\"text-align: justify;\">Capacitaci\u00f3n in house<\/li>\n<li style=\"text-align: justify;\">Gesti\u00f3n y Control financiero<\/li>\n<li style=\"text-align: justify;\">Planificaci\u00f3n de recursos empresariales (Implementaci\u00f3n ERP)<\/li>\n<li style=\"text-align: justify;\">Control de activos fijos<\/li>\n<\/ul>\n<p><span style=\"color: #0000ff;\"><a style=\"color: #0000ff;\" title=\"Servicios\" href=\"http:\/\/penaherrerayasociados.com\/wordpress\/?page_id=68\"><strong>&lt;&lt;Regresar a Servicios<\/strong><\/a><\/span><\/p>\n","protected":false},"excerpt":{"rendered":"<p>Contabilidad Declaraci\u00f3n de impuestos N\u00f3mina (IESS y MRL) Elaboraci\u00f3n de anexos SRI Capacitaci\u00f3n in house Gesti\u00f3n y Control financiero Planificaci\u00f3n de recursos empresariales (Implementaci\u00f3n ERP) Control de activos fijos &lt;&lt;Regresar a Servicios<\/p>\n","protected":false},"author":1,"featured_media":0,"parent":0,"menu_order":0,"comment_status":"closed","ping_status":"closed","template":"no-sidebars.php","meta":{"footnotes":""},"class_list":["post-42","page","type-page","status-publish","hentry","post-seq-1","post-parity-odd","meta-position-line-bottom","fix"],"_links":{"self":[{"href":"http:\/\/penaherrerayasociados.com\/wordpress\/index.php?rest_route=\/wp\/v2\/pages\/42"}],"collection":[{"href":"http:\/\/penaherrerayasociados.com\/wordpress\/index.php?rest_route=\/wp\/v2\/pages"}],"about":[{"href":"http:\/\/penaherrerayasociados.com\/wordpress\/index.php?rest_route=\/wp\/v2\/types\/page"}],"author":[{"embeddable":true,"href":"http:\/\/penaherrerayasociados.com\/wordpress\/index.php?rest_route=\/wp\/v2\/users\/1"}],"replies":[{"embeddable":true,"href":"http:\/\/penaherrerayasociados.com\/wordpress\/index.php?rest_route=%2Fwp%2Fv2%2Fcomments&post=42"}],"version-history":[{"count":0,"href":"http:\/\/penaherrerayasociados.com\/wordpress\/index.php?rest_route=\/wp\/v2\/pages\/42\/revisions"}],"wp:attachment":[{"href":"http:\/\/penaherrerayasociados.com\/wordpress\/index.php?rest_route=%2Fwp%2Fv2%2Fmedia&parent=42"}],"curies":[{"name":"wp","href":"https:\/\/api.w.org\/{rel}","templated":true}]}}