{"id":40,"date":"2015-03-12T12:15:09","date_gmt":"2015-03-12T17:15:09","guid":{"rendered":"http:\/\/penaherrerayasociados.com\/wordpress\/?page_id=40"},"modified":"2016-11-10T01:15:20","modified_gmt":"2016-11-10T06:15:20","slug":"asesoria-empresarial","status":"publish","type":"page","link":"http:\/\/penaherrerayasociados.com\/wordpress\/?page_id=40","title":{"rendered":"Control Administrativo Empresarial"},"content":{"rendered":"<ul>\n<li style=\"text-align: justify;\">Auditor\u00eda externa <a title=\"Registro Nacional de Auditores Externos Pe\u00f1aherrera &amp; Asociados Thaws C\u00eda. Ltda.\" href=\"http:\/\/penaherrerayasociados.com\/wordpress\/?page_id=393\">(SCVS-RNAE-1029)<\/a><a href=\"http:\/\/penaherrerayasociados.com\/wordpress\/wp-content\/uploads\/2015\/03\/Control-Interno-Administrativo.jpg\"><img loading=\"lazy\" decoding=\"async\" class=\" size-medium wp-image-423 alignright\" src=\"http:\/\/penaherrerayasociados.com\/wordpress\/wp-content\/uploads\/2015\/03\/Control-Interno-Administrativo-300x200.jpg\" alt=\"control-interno-administrativo\" width=\"300\" height=\"200\" srcset=\"http:\/\/penaherrerayasociados.com\/wordpress\/wp-content\/uploads\/2015\/03\/Control-Interno-Administrativo-300x200.jpg 300w, http:\/\/penaherrerayasociados.com\/wordpress\/wp-content\/uploads\/2015\/03\/Control-Interno-Administrativo-600x400.jpg 600w, http:\/\/penaherrerayasociados.com\/wordpress\/wp-content\/uploads\/2015\/03\/Control-Interno-Administrativo-30x20.jpg 30w, http:\/\/penaherrerayasociados.com\/wordpress\/wp-content\/uploads\/2015\/03\/Control-Interno-Administrativo-350x233.jpg 350w, http:\/\/penaherrerayasociados.com\/wordpress\/wp-content\/uploads\/2015\/03\/Control-Interno-Administrativo-250x167.jpg 250w, http:\/\/penaherrerayasociados.com\/wordpress\/wp-content\/uploads\/2015\/03\/Control-Interno-Administrativo-96x64.jpg 96w, http:\/\/penaherrerayasociados.com\/wordpress\/wp-content\/uploads\/2015\/03\/Control-Interno-Administrativo.jpg 626w\" sizes=\"(max-width: 300px) 100vw, 300px\" \/><\/a><\/li>\n<li style=\"text-align: justify;\">Auditor\u00eda administrativa<\/li>\n<li style=\"text-align: justify;\">Ex\u00e1menes especiales<\/li>\n<li style=\"text-align: justify;\">Elaboraci\u00f3n de manuales de procesos<\/li>\n<li style=\"text-align: justify;\">Dise\u00f1o y evaluaci\u00f3n de proyectos<\/li>\n<li style=\"text-align: justify;\">Tributaci\u00f3n fiscal<\/li>\n<li style=\"text-align: justify;\">Recuperaci\u00f3n de impuestos<\/li>\n<\/ul>\n<p><span style=\"color: #0000ff;\"><a style=\"color: #0000ff;\" title=\"Servicios\" href=\"http:\/\/penaherrerayasociados.com\/wordpress\/?page_id=68\"><strong>&lt;&lt;Regresar a servicios<\/strong><\/a><\/span><\/p>\n","protected":false},"excerpt":{"rendered":"<p>Auditor\u00eda externa (SCVS-RNAE-1029) Auditor\u00eda administrativa Ex\u00e1menes especiales Elaboraci\u00f3n de manuales de procesos Dise\u00f1o y evaluaci\u00f3n de proyectos Tributaci\u00f3n fiscal Recuperaci\u00f3n de impuestos &lt;&lt;Regresar a servicios<\/p>\n","protected":false},"author":1,"featured_media":0,"parent":0,"menu_order":0,"comment_status":"closed","ping_status":"closed","template":"no-sidebars.php","meta":{"footnotes":""},"class_list":["post-40","page","type-page","status-publish","hentry","post-seq-1","post-parity-odd","meta-position-line-bottom","fix"],"_links":{"self":[{"href":"http:\/\/penaherrerayasociados.com\/wordpress\/index.php?rest_route=\/wp\/v2\/pages\/40"}],"collection":[{"href":"http:\/\/penaherrerayasociados.com\/wordpress\/index.php?rest_route=\/wp\/v2\/pages"}],"about":[{"href":"http:\/\/penaherrerayasociados.com\/wordpress\/index.php?rest_route=\/wp\/v2\/types\/page"}],"author":[{"embeddable":true,"href":"http:\/\/penaherrerayasociados.com\/wordpress\/index.php?rest_route=\/wp\/v2\/users\/1"}],"replies":[{"embeddable":true,"href":"http:\/\/penaherrerayasociados.com\/wordpress\/index.php?rest_route=%2Fwp%2Fv2%2Fcomments&post=40"}],"version-history":[{"count":0,"href":"http:\/\/penaherrerayasociados.com\/wordpress\/index.php?rest_route=\/wp\/v2\/pages\/40\/revisions"}],"wp:attachment":[{"href":"http:\/\/penaherrerayasociados.com\/wordpress\/index.php?rest_route=%2Fwp%2Fv2%2Fmedia&parent=40"}],"curies":[{"name":"wp","href":"https:\/\/api.w.org\/{rel}","templated":true}]}}