{"id":33,"date":"2015-03-12T11:40:21","date_gmt":"2015-03-12T16:40:21","guid":{"rendered":"http:\/\/penaherrerayasociados.com\/wordpress\/?page_id=33"},"modified":"2018-04-13T07:41:54","modified_gmt":"2018-04-13T12:41:54","slug":"acerca-de-nosotros","status":"publish","type":"page","link":"http:\/\/penaherrerayasociados.com\/wordpress\/?page_id=33","title":{"rendered":"Acerca de nosotros"},"content":{"rendered":"<p style=\"text-align: justify;\"><strong><a href=\"http:\/\/penaherrerayasociados.com\/wordpress\/wp-content\/uploads\/2015\/03\/Acerca-de-nosotros.png\"><img loading=\"lazy\" decoding=\"async\" class=\"  wp-image-186 alignright\" src=\"http:\/\/penaherrerayasociados.com\/wordpress\/wp-content\/uploads\/2015\/03\/Acerca-de-nosotros-197x300.png\" alt=\"Acerca de nosotros\" width=\"237\" height=\"361\" srcset=\"http:\/\/penaherrerayasociados.com\/wordpress\/wp-content\/uploads\/2015\/03\/Acerca-de-nosotros-197x300.png 197w, http:\/\/penaherrerayasociados.com\/wordpress\/wp-content\/uploads\/2015\/03\/Acerca-de-nosotros-20x30.png 20w, http:\/\/penaherrerayasociados.com\/wordpress\/wp-content\/uploads\/2015\/03\/Acerca-de-nosotros-230x350.png 230w, http:\/\/penaherrerayasociados.com\/wordpress\/wp-content\/uploads\/2015\/03\/Acerca-de-nosotros-164x250.png 164w, http:\/\/penaherrerayasociados.com\/wordpress\/wp-content\/uploads\/2015\/03\/Acerca-de-nosotros-63x96.png 63w, http:\/\/penaherrerayasociados.com\/wordpress\/wp-content\/uploads\/2015\/03\/Acerca-de-nosotros.png 394w\" sizes=\"(max-width: 237px) 100vw, 237px\" \/><\/a>Misi\u00f3n<\/strong><\/p>\n<p style=\"text-align: justify;\">Brindamos apoyo empresarial a las compa\u00f1\u00edas para que logren la implementaci\u00f3n de soluciones eficientes para sus problemas de negocios, permitiendo as\u00ed que tanto nuestros clientes como nuestra empresa y colaboradores logren un crecimiento sostenido a trav\u00e9s del tiempo.<\/p>\n<p style=\"text-align: justify;\"><strong>Visi\u00f3n<\/strong><\/p>\n<p style=\"text-align: justify;\">En el a\u00f1o 2024 econtrarnos dentro las cincuenta\u00a0mejores empresas nacionales que brindan servicios de control interno admistrativo y outsourcing empresarial en el Ecuador.<\/p>\n<p style=\"text-align: justify;\"><strong>Valores<\/strong><\/p>\n<ul>\n<li style=\"text-align: justify;\">Integridad<\/li>\n<li style=\"text-align: justify;\">Objetividad<\/li>\n<li style=\"text-align: justify;\">Confidencialidad<\/li>\n<li style=\"text-align: justify;\">Competencia profesional<\/li>\n<\/ul>\n<p><span style=\"color: #0000ff;\"><a style=\"color: #0000ff;\" title=\"Inicio\" href=\"http:\/\/penaherrerayasociados.com\/wordpress\/\"><strong>&lt;&lt;Inicio<\/strong><\/a><\/span><\/p>\n","protected":false},"excerpt":{"rendered":"<p>Misi\u00f3n Brindamos apoyo empresarial a las compa\u00f1\u00edas para que logren la implementaci\u00f3n de soluciones eficientes para sus problemas de negocios, permitiendo as\u00ed que tanto nuestros clientes como nuestra empresa y colaboradores logren un crecimiento sostenido a trav\u00e9s del tiempo. Visi\u00f3n En el a\u00f1o 2024 econtrarnos dentro las cincuenta\u00a0mejores empresas nacionales que brindan servicios de control <a href='http:\/\/penaherrerayasociados.com\/wordpress\/?page_id=33' class='excerpt-more'>[&#8230;]<\/a><\/p>\n","protected":false},"author":1,"featured_media":0,"parent":0,"menu_order":2,"comment_status":"closed","ping_status":"closed","template":"no-sidebars.php","meta":{"footnotes":""},"class_list":["post-33","page","type-page","status-publish","hentry","post-seq-1","post-parity-odd","meta-position-line-bottom","fix"],"_links":{"self":[{"href":"http:\/\/penaherrerayasociados.com\/wordpress\/index.php?rest_route=\/wp\/v2\/pages\/33"}],"collection":[{"href":"http:\/\/penaherrerayasociados.com\/wordpress\/index.php?rest_route=\/wp\/v2\/pages"}],"about":[{"href":"http:\/\/penaherrerayasociados.com\/wordpress\/index.php?rest_route=\/wp\/v2\/types\/page"}],"author":[{"embeddable":true,"href":"http:\/\/penaherrerayasociados.com\/wordpress\/index.php?rest_route=\/wp\/v2\/users\/1"}],"replies":[{"embeddable":true,"href":"http:\/\/penaherrerayasociados.com\/wordpress\/index.php?rest_route=%2Fwp%2Fv2%2Fcomments&post=33"}],"version-history":[{"count":0,"href":"http:\/\/penaherrerayasociados.com\/wordpress\/index.php?rest_route=\/wp\/v2\/pages\/33\/revisions"}],"wp:attachment":[{"href":"http:\/\/penaherrerayasociados.com\/wordpress\/index.php?rest_route=%2Fwp%2Fv2%2Fmedia&parent=33"}],"curies":[{"name":"wp","href":"https:\/\/api.w.org\/{rel}","templated":true}]}}